{"id":227,"date":"2018-11-26T12:33:31","date_gmt":"2018-11-26T11:33:31","guid":{"rendered":"http:\/\/protectionmonitoring.org\/?page_id=227"},"modified":"2022-09-14T14:01:17","modified_gmt":"2022-09-14T12:01:17","slug":"visuel","status":"publish","type":"page","link":"https:\/\/sar-drc-test.unhcr.org\/","title":{"rendered":"Home"},"content":{"rendered":"<p>Bienvenue au portail du <strong>Syst\u00e8me d&rsquo;Analses et de R\u00e9ponse (SAR)<\/strong>, la plateforme au centre de l&rsquo;activit\u00e9 de monitoring du HCR en R\u00e9publique D\u00e9mocratique du Congo. Ce syst\u00e8me, qui a pour but la facilitation des analyses, projections et prise de d\u00e9cisions strat\u00e9giques, est cr\u00e9\u00e9 pour \u00eatre utilis\u00e9 d\u2019abord par le HCR et ses partenaires qui m\u00e8nent l\u2019activit\u00e9 de Monitoring de Protection.<\/p>\n<hr class=\"mbo\">\n<h3>Couverture du Monitoring de protection en RDC<\/h3>\n<div class=\"poted kods\">\n\n<!-- iframe plugin v.6.0 wordpress.org\/plugins\/iframe\/ -->\n<iframe width=\"100%\" id=\"meka\" style=\"width: 100vw; height: 56.664520283322595vw; \" src=\"https:\/\/app.powerbi.com\/view?r=eyJrIjoiZTBlMWY5ZTgtYTU0MS00NmJjLWI1YTktZmMyYTNmNmVjYmQ1IiwidCI6IjEzYjk3NjAzLWFjMGMtNDlhOS04MDhmLTE0NjI0NDAwZDg5MiJ9\" height=\"500\" scrolling=\"yes\" class=\"iframe-class\" frameborder=\"0\"><\/iframe>\n<\/div>\n<hr class=\"mbo\">\n<h3>Quoi de neuf sur le SAR<\/h3>\n<div class=\"nou\">\n<h5><i class=\"fa fa-table\"><\/i> Statistiques r\u00e9centes<\/h5>\n<table class=\"oo bamois\">\n<thead>\n<tr>\n<th>P\u00e9riode<\/th>\n<th>Entit\u00e9 g\u00e9ographique<\/th>\n<th>Type entit\u00e9<\/th>\n<th><\/th>\n<\/tr>\n<\/thead>\n<tbody><\/tbody>\n<\/table>\n<p><a class=\"voir-plus\" href=\"https:\/\/sar-drc.unhcr.org\/data\/\"><i class=\"fa fa-link\"><\/i> Voir plus<\/a><\/p>\n<hr class=\"mbo\">\n<h3>Comprendre le SAR<\/h3>\n<div class=\"mot\">\n<img decoding=\"async\" src=\"liz.png\"><br \/>\n<quote><strong>\u201c<\/strong>Le HCR a re\u00e7u pour mandat, la protection non pas seulement des r\u00e9fugi\u00e9s, mais aussi des populations d\u00e9plac\u00e9es, dont le nombre augmente chaque jour en R\u00e9publique D\u00e9mocratique du Congo.<strong>\u201d<\/strong><br \/>\n<span>&#8211; Liz AHUA, Repr\u00e9sentante en RDC<\/span><br \/>\n<\/quote><\/div>\n<hr class=\"mbo\">\n<p>Le <strong>Syst\u00e8me d\u2019Analyses et de R\u00e9ponses<\/strong> (SAR) est la plateforme au centre du mandat de protection et monitoring du HCR en R\u00e9publique D\u00e9mocratique du Congo. Ce syst\u00e8me, qui a pour but la facilitation des analyses, projections et prise de d\u00e9cisions strat\u00e9giques, est cr\u00e9\u00e9 pour \u00eatre utilis\u00e9 d\u2019abord par le HCR et ses partenaires qui m\u00e8nent l\u2019activit\u00e9 de Monitoring de Protection. Il se pr\u00e9sente sous deux formes :<\/p>\n<p><img decoding=\"async\" src=\"https:\/\/sar-drc.unhcr.org\/where.png\" class=\"grand\"><\/p>\n<p>Selon le profil qu&rsquo;ils ont, les utilisateurs du SAR sont \u00e0 m\u00eame d&rsquo;ex\u00e9cuter de nombreuses actions, notamment :<\/p>\n<p><img decoding=\"async\" src=\"https:\/\/sar-drc.unhcr.org\/pour.png\" class=\"grand\"><\/p>\n<p><a class=\"voir-plus\" href=\"https:\/\/sar-drc.unhcr.org\/a-propos\/\"><i class=\"fa fa-link\"><\/i> En savoir plus<\/a><\/p>\n<hr class=\"mbo\">\n<h3>Que souhaitez-vous faire?<\/h3>\n<div class=\"pluss\">\n<img decoding=\"async\" src=\"https:\/\/sar-drc.unhcr.org\/download.gif\"><\/p>\n<p>T\u00e9l\u00e9charger aux statistiques<\/p>\n<\/div>\n<div class=\"pluss vert\">\n<img decoding=\"async\" src=\"https:\/\/sar-drc.unhcr.org\/stats.gif\"><\/p>\n<p>Acc\u00e9der aux rapports<\/p>\n<\/div>\n<div class=\"pluss gris\">\n<img decoding=\"async\" src=\"https:\/\/sar-drc.unhcr.org\/viz.gif\"><\/p>\n<p>Visualiser les donn\u00e9es<\/p>\n<\/div>\n<div class=\"pluss noir\">\n<img decoding=\"async\" src=\"https:\/\/sar-drc.unhcr.org\/log.gif\"><\/p>\n<p>Se connecter<\/p>\n<\/div>\n<\/div>\n","protected":false},"excerpt":{"rendered":"<p>Bienvenue au portail du Syst\u00e8me d&rsquo;Analses et de R\u00e9ponse (SAR), la plateforme au centre de l&rsquo;activit\u00e9 de monitoring du HCR en R\u00e9publique D\u00e9mocratique du Congo. Ce syst\u00e8me, qui a pour but la facilitation des analyses, projections et prise de d\u00e9cisions strat\u00e9giques, est cr\u00e9\u00e9 pour \u00eatre utilis\u00e9 d\u2019abord par le HCR et ses partenaires qui m\u00e8nentLire la suite &rarr;<\/p>\n","protected":false},"author":1,"featured_media":0,"parent":0,"menu_order":0,"comment_status":"closed","ping_status":"closed","template":"","meta":[],"_links":{"self":[{"href":"https:\/\/sar-drc-test.unhcr.org\/index.php?rest_route=\/wp\/v2\/pages\/227"}],"collection":[{"href":"https:\/\/sar-drc-test.unhcr.org\/index.php?rest_route=\/wp\/v2\/pages"}],"about":[{"href":"https:\/\/sar-drc-test.unhcr.org\/index.php?rest_route=\/wp\/v2\/types\/page"}],"author":[{"embeddable":true,"href":"https:\/\/sar-drc-test.unhcr.org\/index.php?rest_route=\/wp\/v2\/users\/1"}],"replies":[{"embeddable":true,"href":"https:\/\/sar-drc-test.unhcr.org\/index.php?rest_route=%2Fwp%2Fv2%2Fcomments&post=227"}],"version-history":[{"count":43,"href":"https:\/\/sar-drc-test.unhcr.org\/index.php?rest_route=\/wp\/v2\/pages\/227\/revisions"}],"predecessor-version":[{"id":1041,"href":"https:\/\/sar-drc-test.unhcr.org\/index.php?rest_route=\/wp\/v2\/pages\/227\/revisions\/1041"}],"wp:attachment":[{"href":"https:\/\/sar-drc-test.unhcr.org\/index.php?rest_route=%2Fwp%2Fv2%2Fmedia&parent=227"}],"curies":[{"name":"wp","href":"https:\/\/api.w.org\/{rel}","templated":true}]}}