{"id":758,"date":"2019-02-21T08:40:33","date_gmt":"2019-02-21T07:40:33","guid":{"rendered":"http:\/\/sarmp.drc.unhcr.org\/?page_id=758"},"modified":"2022-02-25T11:46:52","modified_gmt":"2022-02-25T10:46:52","slug":"data","status":"publish","type":"page","link":"https:\/\/sar-drc-test.unhcr.org\/?page_id=758","title":{"rendered":"Donn\u00e9es"},"content":{"rendered":"<h5><i class=\"fa fa-pie-chart\"><\/i> Donn\u00e9es r\u00e9centes (Ao\u00fbt 2021)<\/h5>\n<p>Nous vous avons pr\u00e9par\u00e9 un tableau de bord dynamique de nos r\u00e9centes donn\u00e9es.<\/p>\n<hr class=\"mbo\">\n<div class=\"poted dhw\">\n\n<!-- iframe plugin v.6.0 wordpress.org\/plugins\/iframe\/ -->\n<iframe width=\"100%\" id=\"moke\" style=\"width: 100vw; height: 56.664520283322595vw; \" src=\"https:\/\/app.powerbi.com\/view?r=eyJrIjoiMDhhZjllNTAtZjgyNi00YTkyLWE4ZDYtNDkwNmYzYTJjMDE4IiwidCI6IjEzYjk3NjAzLWFjMGMtNDlhOS04MDhmLTE0NjI0NDAwZDg5MiJ9\" height=\"500\" scrolling=\"yes\" class=\"iframe-class\" frameborder=\"0\"><\/iframe>\n<br \/>\n<a class=\"voir-plus\" href=\"https:\/\/sar-drc.unhcr.org\/tableau-de-bord\/\"><i class=\"fa fa-link\"><\/i> Voir plus<\/a><\/div>\n<hr class=\"mbo\">\n<h3>Donn\u00e9es mensuelles<\/h3>\n<table class=\"oo bamois\">\n<thead>\n<tr>\n<th>P\u00e9riode<\/th>\n<th>Entit\u00e9 g\u00e9ographique<\/th>\n<th>Type entit\u00e9<\/th>\n<th><\/th>\n<\/tr>\n<\/thead>\n<tbody><\/tbody>\n<\/table>\n<hr class=\"fxe\">\n<h3>Donn\u00e9es consolid\u00e9es<\/h3>\n<table class=\"oo baconso\">\n<thead>\n<tr>\n<th>P\u00e9riode<\/th>\n<th>Entit\u00e9 g\u00e9ographique<\/th>\n<th>Type entit\u00e9<\/th>\n<th><\/th>\n<\/tr>\n<\/thead>\n<tbody><\/tbody>\n<\/table>\n","protected":false},"excerpt":{"rendered":"<p>Donn\u00e9es r\u00e9centes (Ao\u00fbt 2021) Nous vous avons pr\u00e9par\u00e9 un tableau de bord dynamique de nos r\u00e9centes donn\u00e9es. Voir plus Donn\u00e9es mensuelles P\u00e9riode Entit\u00e9 g\u00e9ographique Type entit\u00e9 Donn\u00e9es consolid\u00e9es P\u00e9riode Entit\u00e9 g\u00e9ographique Type entit\u00e9<\/p>\n","protected":false},"author":1,"featured_media":0,"parent":0,"menu_order":0,"comment_status":"closed","ping_status":"closed","template":"","meta":[],"_links":{"self":[{"href":"https:\/\/sar-drc-test.unhcr.org\/index.php?rest_route=\/wp\/v2\/pages\/758"}],"collection":[{"href":"https:\/\/sar-drc-test.unhcr.org\/index.php?rest_route=\/wp\/v2\/pages"}],"about":[{"href":"https:\/\/sar-drc-test.unhcr.org\/index.php?rest_route=\/wp\/v2\/types\/page"}],"author":[{"embeddable":true,"href":"https:\/\/sar-drc-test.unhcr.org\/index.php?rest_route=\/wp\/v2\/users\/1"}],"replies":[{"embeddable":true,"href":"https:\/\/sar-drc-test.unhcr.org\/index.php?rest_route=%2Fwp%2Fv2%2Fcomments&post=758"}],"version-history":[{"count":10,"href":"https:\/\/sar-drc-test.unhcr.org\/index.php?rest_route=\/wp\/v2\/pages\/758\/revisions"}],"predecessor-version":[{"id":1030,"href":"https:\/\/sar-drc-test.unhcr.org\/index.php?rest_route=\/wp\/v2\/pages\/758\/revisions\/1030"}],"wp:attachment":[{"href":"https:\/\/sar-drc-test.unhcr.org\/index.php?rest_route=%2Fwp%2Fv2%2Fmedia&parent=758"}],"curies":[{"name":"wp","href":"https:\/\/api.w.org\/{rel}","templated":true}]}}